{"id":7025,"date":"2022-03-26T14:14:35","date_gmt":"2022-03-26T13:14:35","guid":{"rendered":"https:\/\/espandinavia.com\/?page_id=7025"},"modified":"2024-02-10T18:11:53","modified_gmt":"2024-02-10T17:11:53","slug":"nuestro-equipo","status":"publish","type":"page","link":"https:\/\/espandinavia.com\/da\/nuestro-equipo\/","title":{"rendered":"Team Espandinavia"},"content":{"rendered":"<div data-elementor-type=\"wp-page\" data-elementor-id=\"7025\" class=\"elementor elementor-7025\" data-elementor-post-type=\"page\">\n\t\t\t\t<div class=\"elementor-element elementor-element-5f31a4b e-flex e-con-boxed e-con e-parent\" data-id=\"5f31a4b\" data-element_type=\"container\">\n\t\t\t\t\t<div class=\"e-con-inner\">\n\t\t<div class=\"elementor-element elementor-element-c344f0f e-con-full e-flex e-con e-child\" data-id=\"c344f0f\" data-element_type=\"container\">\n\t\t\t\t<div class=\"elementor-element elementor-element-dc4280a elementor-widget elementor-widget-heading\" data-id=\"dc4280a\" data-element_type=\"widget\" data-widget_type=\"heading.default\">\n\t\t\t\t<div class=\"elementor-widget-container\">\n\t\t\t\t\t<h1 class=\"elementor-heading-title elementor-size-default\">Team Espandinavia<\/h1>\t\t\t\t<\/div>\n\t\t\t\t<\/div>\n\t\t\t\t<\/div>\n\t\t\t\t\t<\/div>\n\t\t\t\t<\/div>\n\t\t<div class=\"elementor-element elementor-element-a30c2ad e-flex e-con-boxed e-con e-parent\" data-id=\"a30c2ad\" data-element_type=\"container\">\n\t\t\t\t\t<div class=\"e-con-inner\">\n\t\t<div class=\"elementor-element elementor-element-9cf4acb e-flex e-con-boxed e-con e-child\" data-id=\"9cf4acb\" data-element_type=\"container\">\n\t\t\t\t\t<div class=\"e-con-inner\">\n\t\t\t\t<div class=\"elementor-element elementor-element-62076a6 elementor-widget elementor-widget-text-editor\" data-id=\"62076a6\" data-element_type=\"widget\" data-widget_type=\"text-editor.default\">\n\t\t\t\t<div class=\"elementor-widget-container\">\n\t\t\t\t\t\t\t\t\t<p style=\"text-align: center;\">Pr\u00e6sident<\/p>\t\t\t\t\t\t\t\t<\/div>\n\t\t\t\t<\/div>\n\t\t\t\t<div class=\"elementor-element elementor-element-293f6f8 elementor-widget elementor-widget-image\" data-id=\"293f6f8\" data-element_type=\"widget\" data-widget_type=\"image.default\">\n\t\t\t\t<div class=\"elementor-widget-container\">\n\t\t\t\t\t\t\t\t\t\t\t\t\t\t\t<img decoding=\"async\" src=\"https:\/\/espandinavia.com\/wp-content\/uploads\/elementor\/thumbs\/Bea-qflw3iozoqkomg4mrjxxryhs5xv51mugwx906v7djw.png\" title=\"Bea\" alt=\"Bea\" loading=\"lazy\" \/>\t\t\t\t\t\t\t\t\t\t\t\t\t\t\t<\/div>\n\t\t\t\t<\/div>\n\t\t\t\t<div class=\"elementor-element elementor-element-90e2cb6 elementor-widget elementor-widget-heading\" data-id=\"90e2cb6\" data-element_type=\"widget\" data-widget_type=\"heading.default\">\n\t\t\t\t<div class=\"elementor-widget-container\">\n\t\t\t\t\t<h3 class=\"elementor-heading-title elementor-size-default\">Beatriz Papaseit<\/h3>\t\t\t\t<\/div>\n\t\t\t\t<\/div>\n\t\t\t\t<div class=\"elementor-element elementor-element-9026d86 elementor-widget elementor-widget-text-editor\" data-id=\"9026d86\" data-element_type=\"widget\" data-widget_type=\"text-editor.default\">\n\t\t\t\t<div class=\"elementor-widget-container\">\n\t\t\t\t\t\t\t\t\t<p style=\"text-align: left;\">Med en Barcelona-sj\u00e6l har jg v\u00e6ret i Danmark siden 2015. Jeg har skiftet sardiner ud med makrel, Santa Caterina-markedet ud med Ingerslevs Boulevard og h\u00f8je h\u00e6le ud med sneakers. Skinken saldo selvf\u00f8lgelig v\u00e6re fra hjemstavnen, .<\/p>\t\t\t\t\t\t\t\t<\/div>\n\t\t\t\t<\/div>\n\t\t\t\t\t<\/div>\n\t\t\t\t<\/div>\n\t\t<div class=\"elementor-element elementor-element-0b6a7f6 e-flex e-con-boxed e-con e-child\" data-id=\"0b6a7f6\" data-element_type=\"container\">\n\t\t\t\t\t<div class=\"e-con-inner\">\n\t\t\t\t<div class=\"elementor-element elementor-element-3f3d370 elementor-widget elementor-widget-text-editor\" data-id=\"3f3d370\" data-element_type=\"widget\" data-widget_type=\"text-editor.default\">\n\t\t\t\t<div class=\"elementor-widget-container\">\n\t\t\t\t\t\t\t\t\t<p style=\"text-align: center;\">Vicepr\u00e6sident<\/p>\t\t\t\t\t\t\t\t<\/div>\n\t\t\t\t<\/div>\n\t\t\t\t<div class=\"elementor-element elementor-element-9266838 elementor-widget elementor-widget-image\" data-id=\"9266838\" data-element_type=\"widget\" data-widget_type=\"image.default\">\n\t\t\t\t<div class=\"elementor-widget-container\">\n\t\t\t\t\t\t\t\t\t\t\t\t\t\t\t<img decoding=\"async\" src=\"https:\/\/espandinavia.com\/wp-content\/uploads\/elementor\/thumbs\/Teresa-2-qflw3iozoqkomg4mrjxxryhs5xv51mugwx906v7djw.jpg\" title=\"Teresa 2\" alt=\"Teresa 2\" loading=\"lazy\" \/>\t\t\t\t\t\t\t\t\t\t\t\t\t\t\t<\/div>\n\t\t\t\t<\/div>\n\t\t\t\t<div class=\"elementor-element elementor-element-db9d5a2 elementor-widget elementor-widget-heading\" data-id=\"db9d5a2\" data-element_type=\"widget\" data-widget_type=\"heading.default\">\n\t\t\t\t<div class=\"elementor-widget-container\">\n\t\t\t\t\t<h3 class=\"elementor-heading-title elementor-size-default\">Teresa<\/h3>\t\t\t\t<\/div>\n\t\t\t\t<\/div>\n\t\t\t\t<div class=\"elementor-element elementor-element-df24665 elementor-widget elementor-widget-text-editor\" data-id=\"df24665\" data-element_type=\"widget\" data-widget_type=\"text-editor.default\">\n\t\t\t\t<div class=\"elementor-widget-container\">\n\t\t\t\t\t\t\t\t\t<p style=\"text-align: left;\">Fra en barndom i Galicien og en ungdom i Madrid ankom jeg til Danmark for at nyde mit voksenliv i januar 1995 i en r\u00f8d Ford Fiesta 127 med et defekt varmesystem og hele mit liv i bagagerummet. I \u00c5rhus har jeg l\u00e6st min uddanelse, stiftet familie og opbygget en fantastisk vennekreds. Jeg kan godt lide danskerne, mange aspekter af deres mentalitet, de store forskelle mellem \u00e5rstiderne og Nords\u00f8en, som minder mig om min barndoms Atlanterhav.<\/p>\t\t\t\t\t\t\t\t<\/div>\n\t\t\t\t<\/div>\n\t\t\t\t\t<\/div>\n\t\t\t\t<\/div>\n\t\t<div class=\"elementor-element elementor-element-cc9cee9 e-flex e-con-boxed e-con e-child\" data-id=\"cc9cee9\" data-element_type=\"container\">\n\t\t\t\t\t<div class=\"e-con-inner\">\n\t\t\t\t<div class=\"elementor-element elementor-element-72da130 elementor-widget elementor-widget-text-editor\" data-id=\"72da130\" data-element_type=\"widget\" data-widget_type=\"text-editor.default\">\n\t\t\t\t<div class=\"elementor-widget-container\">\n\t\t\t\t\t\t\t\t\t<p style=\"text-align: center;\">Sekret\u00e6r<\/p>\t\t\t\t\t\t\t\t<\/div>\n\t\t\t\t<\/div>\n\t\t\t\t<div class=\"elementor-element elementor-element-92392e7 elementor-widget elementor-widget-image\" data-id=\"92392e7\" data-element_type=\"widget\" data-widget_type=\"image.default\">\n\t\t\t\t<div class=\"elementor-widget-container\">\n\t\t\t\t\t\t\t\t\t\t\t\t\t\t\t<img decoding=\"async\" src=\"https:\/\/espandinavia.com\/wp-content\/uploads\/elementor\/thumbs\/IMG_4484-qflw3iozoqkomg4mrjxxryhs5xv51mugwx906v7djw.jpeg\" title=\"IMG_4484\" alt=\"IMG_4484\" loading=\"lazy\" \/>\t\t\t\t\t\t\t\t\t\t\t\t\t\t\t<\/div>\n\t\t\t\t<\/div>\n\t\t\t\t<div class=\"elementor-element elementor-element-a7a897b elementor-widget elementor-widget-heading\" data-id=\"a7a897b\" data-element_type=\"widget\" data-widget_type=\"heading.default\">\n\t\t\t\t<div class=\"elementor-widget-container\">\n\t\t\t\t\t<h3 class=\"elementor-heading-title elementor-size-default\">Ana Bel\u00e9n<\/h3>\t\t\t\t<\/div>\n\t\t\t\t<\/div>\n\t\t\t\t<div class=\"elementor-element elementor-element-9f147d2 elementor-widget elementor-widget-text-editor\" data-id=\"9f147d2\" data-element_type=\"widget\" data-widget_type=\"text-editor.default\">\n\t\t\t\t<div class=\"elementor-widget-container\">\n\t\t\t\t\t\t\t\t\tI slutningen af 2016 holdt jeg op med at v\u00e6re en Almod\u00f3var-pige for at blive The Danish Girl. Forandring, siger man, er altid godt. Det, jeg kan lide, kan jeg lige meget, og det, jeg ikke kan lide, kan jeg m\u00e5ske ogs\u00e5 komme til at kunne lide. Der der intet bedre end en god samtale med en god vin.\t\t\t\t\t\t\t\t<\/div>\n\t\t\t\t<\/div>\n\t\t\t\t\t<\/div>\n\t\t\t\t<\/div>\n\t\t<div class=\"elementor-element elementor-element-92a3148 e-flex e-con-boxed e-con e-child\" data-id=\"92a3148\" data-element_type=\"container\">\n\t\t\t\t\t<div class=\"e-con-inner\">\n\t\t\t\t<div class=\"elementor-element elementor-element-98a3ffd elementor-widget elementor-widget-text-editor\" data-id=\"98a3ffd\" data-element_type=\"widget\" data-widget_type=\"text-editor.default\">\n\t\t\t\t<div class=\"elementor-widget-container\">\n\t\t\t\t\t\t\t\t\t<p style=\"text-align: center;\">Medlem<\/p>\t\t\t\t\t\t\t\t<\/div>\n\t\t\t\t<\/div>\n\t\t\t\t<div class=\"elementor-element elementor-element-064d5cc elementor-widget elementor-widget-image\" data-id=\"064d5cc\" data-element_type=\"widget\" data-widget_type=\"image.default\">\n\t\t\t\t<div class=\"elementor-widget-container\">\n\t\t\t\t\t\t\t\t\t\t\t\t\t\t\t<img decoding=\"async\" src=\"https:\/\/espandinavia.com\/wp-content\/uploads\/elementor\/thumbs\/Lucas-qflw3iozoqkomg4mrjxxryhs5xv51mugwx906v7djw.png\" title=\"Lucas\" alt=\"Lucas\" loading=\"lazy\" \/>\t\t\t\t\t\t\t\t\t\t\t\t\t\t\t<\/div>\n\t\t\t\t<\/div>\n\t\t\t\t<div class=\"elementor-element elementor-element-84b9204 elementor-widget elementor-widget-heading\" data-id=\"84b9204\" data-element_type=\"widget\" data-widget_type=\"heading.default\">\n\t\t\t\t<div class=\"elementor-widget-container\">\n\t\t\t\t\t<h3 class=\"elementor-heading-title elementor-size-default\">Lucas Ruiz<\/h3>\t\t\t\t<\/div>\n\t\t\t\t<\/div>\n\t\t\t\t<div class=\"elementor-element elementor-element-bf5474c elementor-widget elementor-widget-text-editor\" data-id=\"bf5474c\" data-element_type=\"widget\" data-widget_type=\"text-editor.default\">\n\t\t\t\t<div class=\"elementor-widget-container\">\n\t\t\t\t\t\t\t\t\tJeg ankom til Danmark i en bil, som et udlejningsfirma havde brug for i Aarhus. Bilen havde ingen radio, og vi satte noget p\u00e5 instrumentbr\u00e6ttet, som dengang stadig hed transistor. Antennen skulle hele tiden flyttes for at s\u00f8ge efter stationer. Det betalte mig halvdelen af benzinen. Jeg ved stadig ikke, om jeg lavede en god handel. Det var i november '94, jeg kunne ikke sproget, og om mandagen gik jeg p\u00e5 biblioteket for at l\u00e6se avisen El Pa\u00eds dominical. Jeg afleverede bilen to dage efter ankomsten, og jeg er stadig ved at l\u00e6re sproget.\t\t\t\t\t\t\t\t<\/div>\n\t\t\t\t<\/div>\n\t\t\t\t\t<\/div>\n\t\t\t\t<\/div>\n\t\t\t\t\t<\/div>\n\t\t\t\t<\/div>\n\t\t<div class=\"elementor-element elementor-element-e05f574 e-flex e-con-boxed e-con e-parent\" data-id=\"e05f574\" data-element_type=\"container\">\n\t\t\t\t\t<div class=\"e-con-inner\">\n\t\t<div class=\"elementor-element elementor-element-e26d7de e-con-full e-flex e-con e-child\" data-id=\"e26d7de\" data-element_type=\"container\">\n\t\t\t\t<\/div>\n\t\t<div class=\"elementor-element elementor-element-83edeed e-con-full e-flex e-con e-child\" data-id=\"83edeed\" data-element_type=\"container\">\n\t\t\t\t<div class=\"elementor-element elementor-element-d3fcd0d elementor-widget elementor-widget-heading\" data-id=\"d3fcd0d\" data-element_type=\"widget\" data-widget_type=\"heading.default\">\n\t\t\t\t<div class=\"elementor-widget-container\">\n\t\t\t\t\t<h2 class=\"elementor-heading-title elementor-size-default\">Colaboradores<\/h2>\t\t\t\t<\/div>\n\t\t\t\t<\/div>\n\t\t\t\t<\/div>\n\t\t<div class=\"elementor-element elementor-element-e93b8d7 e-con-full e-flex e-con e-child\" data-id=\"e93b8d7\" data-element_type=\"container\">\n\t\t\t\t<\/div>\n\t\t\t\t\t<\/div>\n\t\t\t\t<\/div>\n\t\t<div class=\"elementor-element elementor-element-1797d94 e-flex e-con-boxed e-con e-parent\" data-id=\"1797d94\" data-element_type=\"container\">\n\t\t\t\t\t<div class=\"e-con-inner\">\n\t\t<div class=\"elementor-element elementor-element-4217af1 e-con-full e-flex e-con e-child\" data-id=\"4217af1\" data-element_type=\"container\">\n\t\t\t\t<\/div>\n\t\t<div class=\"elementor-element elementor-element-2fffc8f e-con-full e-flex e-con e-child\" data-id=\"2fffc8f\" data-element_type=\"container\">\n\t\t\t\t<div class=\"elementor-element elementor-element-d8ea3fb elementor-widget elementor-widget-image\" data-id=\"d8ea3fb\" data-element_type=\"widget\" data-widget_type=\"image.default\">\n\t\t\t\t<div class=\"elementor-widget-container\">\n\t\t\t\t\t\t\t\t\t\t\t\t\t\t\t<img decoding=\"async\" src=\"https:\/\/espandinavia.com\/wp-content\/uploads\/elementor\/thumbs\/Rafael-qflw3iozoqkomg4mrjxxryhs5xv51mugwx906v7djw.png\" title=\"Rafael\" alt=\"Rafael\" loading=\"lazy\" \/>\t\t\t\t\t\t\t\t\t\t\t\t\t\t\t<\/div>\n\t\t\t\t<\/div>\n\t\t\t\t<div class=\"elementor-element elementor-element-515dd58 elementor-widget elementor-widget-heading\" data-id=\"515dd58\" data-element_type=\"widget\" data-widget_type=\"heading.default\">\n\t\t\t\t<div class=\"elementor-widget-container\">\n\t\t\t\t\t<h3 class=\"elementor-heading-title elementor-size-default\">Rafael Priego<\/h3>\t\t\t\t<\/div>\n\t\t\t\t<\/div>\n\t\t\t\t<div class=\"elementor-element elementor-element-1ac8efc elementor-widget elementor-widget-text-editor\" data-id=\"1ac8efc\" data-element_type=\"widget\" data-widget_type=\"text-editor.default\">\n\t\t\t\t<div class=\"elementor-widget-container\">\n\t\t\t\t\t\t\t\t\tF\u00f8dt i Madrid, andalusisk som barn og europ\u00e6isk som voksen. Mit hjem er Danmark, hvor jeg har boet, nydt, arbejdet og betalt skat i mere end halvdelen af mit liv. Jeg er gymnasiel\u00e6rer og underviser i spansk og idr\u00e6t. Jeg kan lide at l\u00e6se og genl\u00e6se Cervantes, skrive, g\u00e5 turer, flamenco, rejser, fotografering og frim\u00e6rker.\t\t\t\t\t\t\t\t<\/div>\n\t\t\t\t<\/div>\n\t\t\t\t<\/div>\n\t\t<div class=\"elementor-element elementor-element-f81f119 e-con-full e-flex e-con e-child\" data-id=\"f81f119\" data-element_type=\"container\">\n\t\t\t\t<div class=\"elementor-element elementor-element-1b1c37c elementor-widget elementor-widget-image\" data-id=\"1b1c37c\" data-element_type=\"widget\" data-widget_type=\"image.default\">\n\t\t\t\t<div class=\"elementor-widget-container\">\n\t\t\t\t\t\t\t\t\t\t\t\t\t\t\t<img decoding=\"async\" src=\"https:\/\/espandinavia.com\/wp-content\/uploads\/elementor\/thumbs\/DSCF5124-1-scaled-1-qflw3iozoqkomg4mrjxxryhs5xv51mugwx906v7djw.jpg\" title=\"Version 2\" alt=\"Version 2\" loading=\"lazy\" \/>\t\t\t\t\t\t\t\t\t\t\t\t\t\t\t<\/div>\n\t\t\t\t<\/div>\n\t\t\t\t<div class=\"elementor-element elementor-element-e83a733 elementor-widget elementor-widget-heading\" data-id=\"e83a733\" data-element_type=\"widget\" data-widget_type=\"heading.default\">\n\t\t\t\t<div class=\"elementor-widget-container\">\n\t\t\t\t\t<h3 class=\"elementor-heading-title elementor-size-default\">Miguel Brand<\/h3>\t\t\t\t<\/div>\n\t\t\t\t<\/div>\n\t\t\t\t<div class=\"elementor-element elementor-element-1843663 elementor-widget elementor-widget-text-editor\" data-id=\"1843663\" data-element_type=\"widget\" data-widget_type=\"text-editor.default\">\n\t\t\t\t<div class=\"elementor-widget-container\">\n\t\t\t\t\t\t\t\t\tMed engelsk far og galicisk mor minder det danske vejr og de danske \u00e5rstider med deres mange forskellige farver og dufte mig om min barndom i England.<\/p>\n<p>Jeg savner den spanske spontanitet og farverighed, men jeg s\u00e6tter pris p\u00e5 v\u00e6rdierne i det danske samfund og de muligheder, som dette land tilbyder.<\/p>\t\t\t\t\t\t\t\t<\/div>\n\t\t\t\t<\/div>\n\t\t\t\t<\/div>\n\t\t<div class=\"elementor-element elementor-element-f938a3a e-con-full e-flex e-con e-child\" data-id=\"f938a3a\" data-element_type=\"container\">\n\t\t\t\t<\/div>\n\t\t\t\t\t<\/div>\n\t\t\t\t<\/div>\n\t\t\t\t<\/div>","protected":false},"excerpt":{"rendered":"<p>el equipo de espandinavia Presidenta Beatriz Papaseit De alma barcelonesa, llevo en Dinamarca desde el 2015. He sustituido las sardinas por el makrel, el mercado de Santa Caterina por el [&hellip;]<\/p>","protected":false},"author":1,"featured_media":13332,"parent":0,"menu_order":0,"comment_status":"closed","ping_status":"closed","template":"elementor_header_footer","meta":{"_acf_changed":false,"footnotes":""},"class_list":["post-7025","page","type-page","status-publish","has-post-thumbnail","hentry"],"acf":[],"_links":{"self":[{"href":"https:\/\/espandinavia.com\/da\/wp-json\/wp\/v2\/pages\/7025","targetHints":{"allow":["GET"]}}],"collection":[{"href":"https:\/\/espandinavia.com\/da\/wp-json\/wp\/v2\/pages"}],"about":[{"href":"https:\/\/espandinavia.com\/da\/wp-json\/wp\/v2\/types\/page"}],"author":[{"embeddable":true,"href":"https:\/\/espandinavia.com\/da\/wp-json\/wp\/v2\/users\/1"}],"replies":[{"embeddable":true,"href":"https:\/\/espandinavia.com\/da\/wp-json\/wp\/v2\/comments?post=7025"}],"version-history":[{"count":16,"href":"https:\/\/espandinavia.com\/da\/wp-json\/wp\/v2\/pages\/7025\/revisions"}],"predecessor-version":[{"id":16793,"href":"https:\/\/espandinavia.com\/da\/wp-json\/wp\/v2\/pages\/7025\/revisions\/16793"}],"wp:featuredmedia":[{"embeddable":true,"href":"https:\/\/espandinavia.com\/da\/wp-json\/wp\/v2\/media\/13332"}],"wp:attachment":[{"href":"https:\/\/espandinavia.com\/da\/wp-json\/wp\/v2\/media?parent=7025"}],"curies":[{"name":"wp","href":"https:\/\/api.w.org\/{rel}","templated":true}]}}